{"id":809,"date":"2021-01-13T23:07:12","date_gmt":"2021-01-13T23:07:12","guid":{"rendered":"https:\/\/syonmedia.ca\/?page_id=809"},"modified":"2022-09-19T00:05:27","modified_gmt":"2022-09-19T00:05:27","slug":"contact","status":"publish","type":"page","link":"https:\/\/syonmedia.ca\/fr\/contact\/","title":{"rendered":"Contact"},"content":{"rendered":"\n<div style=\"height:40px\" aria-hidden=\"true\" class=\"wp-block-spacer\"><\/div>\n\n\n\n<div class=\"wp-block-group\"><div class=\"wp-block-group__inner-container is-layout-flow wp-block-group-is-layout-flow\">\n<h2 class=\"wp-block-heading\">Vous souhaitez nous contacter ?<\/h2>\n\n\n\n<p class=\"paragraph-light\">N\u2019h\u00e9sitez pas \u00e0 nous contacter gr\u00e2ce au formulaire suivant ou \u00e0 l\u2019adresse email ci-dessous.<\/p>\n\n\n\n<style>\n.syon-contact-links{\ntext-decoration:none;\nfont-weight:500;\nmargin:10px 20px;\n}\n.syon-contact-links i{\nfont-size:1.2em;\nmargin-right:10px;\n}\n<\/style>\n<div class=\"syon-contact-links has-primary-theme-color-color\"><i class=\"fas fa-map-marker-alt\"><\/i> Montr\u00e9al, Vancouver, Paris.<\/div>\n<div class=\"syon-contact-links has-primary-theme-color-color\"><i class=\"fas fa-envelope\"><\/i> info@syonmedia.ca<\/div>\n\n\n\n<div style=\"height:40px\" aria-hidden=\"true\" class=\"wp-block-spacer\"><\/div>\n\n\n\n<div class=\"wpcf7 no-js\" id=\"wpcf7-f863-o1\" lang=\"en-US\" dir=\"ltr\">\n<div class=\"screen-reader-response\"><p role=\"status\" aria-live=\"polite\" aria-atomic=\"true\"><\/p> <ul><\/ul><\/div>\n<form action=\"\/fr\/wp-json\/wp\/v2\/pages\/809#wpcf7-f863-o1\" method=\"post\" class=\"wpcf7-form init\" aria-label=\"Contact form\" novalidate=\"novalidate\" data-status=\"init\">\n<div style=\"display: none;\">\n<input type=\"hidden\" name=\"_wpcf7\" value=\"863\" \/>\n<input type=\"hidden\" name=\"_wpcf7_version\" value=\"5.9.6\" \/>\n<input type=\"hidden\" name=\"_wpcf7_locale\" value=\"en_US\" \/>\n<input type=\"hidden\" name=\"_wpcf7_unit_tag\" value=\"wpcf7-f863-o1\" \/>\n<input type=\"hidden\" name=\"_wpcf7_container_post\" value=\"0\" \/>\n<input type=\"hidden\" name=\"_wpcf7_posted_data_hash\" value=\"\" \/>\n<\/div>\n<div class=\"syon-form\">\n\t<div class=\"contact-form-small-block\">\n\t\t<p><label> Adresse Email<br \/>\n<span class=\"wpcf7-form-control-wrap\" data-name=\"your-email\"><input size=\"40\" maxlength=\"80\" class=\"wpcf7-form-control wpcf7-email wpcf7-validates-as-required wpcf7-text wpcf7-validates-as-email\" aria-required=\"true\" aria-invalid=\"false\" placeholder=\"Entrez votre adresse email\" value=\"\" type=\"email\" name=\"your-email\" \/><\/span> <\/label>\n\t\t<\/p>\n\t<\/div>\n\t<div class=\"contact-form-small-block\">\n\t\t<p><label> Nom<br \/>\n<span class=\"wpcf7-form-control-wrap\" data-name=\"your-name\"><input size=\"40\" maxlength=\"80\" class=\"wpcf7-form-control wpcf7-text wpcf7-validates-as-required\" aria-required=\"true\" aria-invalid=\"false\" placeholder=\"Entrez votre nom\" value=\"\" type=\"text\" name=\"your-name\" \/><\/span> <\/label>\n\t\t<\/p>\n\t<\/div>\n\t<div class=\"contact-form-small-block\">\n\t\t<p><label> Sujet<br \/>\n<span class=\"wpcf7-form-control-wrap\" data-name=\"your-subject\"><input size=\"40\" maxlength=\"80\" class=\"wpcf7-form-control wpcf7-text wpcf7-validates-as-required\" aria-required=\"true\" aria-invalid=\"false\" placeholder=\"Entrez votre sujet\" value=\"\" type=\"text\" name=\"your-subject\" \/><\/span> <\/label>\n\t\t<\/p>\n\t<\/div>\n\t<div class=\"contact-form-small-block\">\n\t\t<p><label> Pays<br \/>\n<span class=\"wpcf7-form-control-wrap\" data-name=\"your-country\"><input size=\"40\" maxlength=\"80\" class=\"wpcf7-form-control wpcf7-text\" aria-invalid=\"false\" placeholder=\"Entrez votre pays\" value=\"\" type=\"text\" name=\"your-country\" \/><\/span> <\/label>\n\t\t<\/p>\n\t<\/div>\n\t<div class=\"contact-form-big-block\">\n\t\t<p><label> Message<br \/>\n<span class=\"wpcf7-form-control-wrap\" data-name=\"your-message\"><textarea cols=\"40\" rows=\"10\" maxlength=\"400\" class=\"wpcf7-form-control wpcf7-textarea wpcf7-validates-as-required\" aria-required=\"true\" aria-invalid=\"false\" placeholder=\"Entrez votre message\" name=\"your-message\"><\/textarea><\/span> <\/label>\n\t\t<\/p>\n\t<\/div>\n\t<p><span id=\"wpcf7-69e8f5215338d-wrapper\" class=\"wpcf7-form-control-wrap email-1243234-wrap\" style=\"display:none !important; visibility:hidden !important;\"><label for=\"wpcf7-69e8f5215338d-field\" class=\"hp-message\">Please leave this field empty.<\/label><input id=\"wpcf7-69e8f5215338d-field\"  class=\"wpcf7-form-control wpcf7-text\" type=\"text\" name=\"email-1243234\" value=\"\" size=\"40\" tabindex=\"-1\" autocomplete=\"new-password\" \/><\/span>\n\t<\/p>\n<\/div>\n<p><input class=\"wpcf7-form-control wpcf7-submit has-spinner button\" type=\"submit\" value=\"Envoyer\" \/>\n<\/p><p style=\"display: none !important;\" class=\"akismet-fields-container\" data-prefix=\"_wpcf7_ak_\"><label>&#916;<textarea name=\"_wpcf7_ak_hp_textarea\" cols=\"45\" rows=\"8\" maxlength=\"100\"><\/textarea><\/label><input type=\"hidden\" id=\"ak_js_1\" name=\"_wpcf7_ak_js\" value=\"19\"\/><script>document.getElementById( \"ak_js_1\" ).setAttribute( \"value\", ( new Date() ).getTime() );<\/script><\/p><div class=\"wpcf7-response-output\" aria-hidden=\"true\"><\/div>\n<\/form>\n<\/div>\n\n\n\n\n<div style=\"height:67px\" aria-hidden=\"true\" class=\"wp-block-spacer\"><\/div>\n<\/div><\/div>\n","protected":false},"excerpt":{"rendered":"<p>Vous souhaitez nous contacter ? N\u2019h\u00e9sitez pas \u00e0 nous contacter gr\u00e2ce au formulaire suivant ou \u00e0 l\u2019adresse email ci-dessous. Montr\u00e9al, Vancouver, Paris. info@syonmedia.ca<\/p>\n","protected":false},"author":1,"featured_media":0,"parent":0,"menu_order":0,"comment_status":"closed","ping_status":"closed","template":"","meta":{"footnotes":""},"yoast_head":"<!-- This site is optimized with the Yoast SEO plugin v22.9 - https:\/\/yoast.com\/wordpress\/plugins\/seo\/ -->\n<title>Contact - Syon media<\/title>\n<meta name=\"description\" content=\"Contactez-nous pour discuter de votre prochain projet en live action ou en animation!\" \/>\n<meta name=\"robots\" content=\"index, follow, max-snippet:-1, max-image-preview:large, max-video-preview:-1\" \/>\n<link rel=\"canonical\" href=\"https:\/\/syonmedia.ca\/fr\/contact\/\" \/>\n<meta property=\"og:locale\" content=\"fr_FR\" \/>\n<meta property=\"og:type\" content=\"article\" \/>\n<meta property=\"og:title\" content=\"Contact - Syon media\" \/>\n<meta property=\"og:description\" content=\"Contactez-nous pour discuter de votre prochain projet en live action ou en animation!\" \/>\n<meta property=\"og:url\" content=\"https:\/\/syonmedia.ca\/fr\/contact\/\" \/>\n<meta property=\"og:site_name\" content=\"Syon media\" \/>\n<meta property=\"article:modified_time\" content=\"2022-09-19T00:05:27+00:00\" \/>\n<meta name=\"twitter:card\" content=\"summary_large_image\" \/>\n<meta name=\"twitter:label1\" content=\"Dur\u00e9e de lecture estim\u00e9e\" \/>\n\t<meta name=\"twitter:data1\" content=\"1 minute\" \/>\n<script type=\"application\/ld+json\" class=\"yoast-schema-graph\">{\"@context\":\"https:\/\/schema.org\",\"@graph\":[{\"@type\":\"WebPage\",\"@id\":\"https:\/\/syonmedia.ca\/fr\/contact\/\",\"url\":\"https:\/\/syonmedia.ca\/fr\/contact\/\",\"name\":\"Contact - Syon media\",\"isPartOf\":{\"@id\":\"https:\/\/syonmedia.ca\/fr\/#website\"},\"datePublished\":\"2021-01-13T23:07:12+00:00\",\"dateModified\":\"2022-09-19T00:05:27+00:00\",\"description\":\"Contactez-nous pour discuter de votre prochain projet en live action ou en animation!\",\"breadcrumb\":{\"@id\":\"https:\/\/syonmedia.ca\/fr\/contact\/#breadcrumb\"},\"inLanguage\":\"fr-FR\",\"potentialAction\":[{\"@type\":\"ReadAction\",\"target\":[\"https:\/\/syonmedia.ca\/fr\/contact\/\"]}]},{\"@type\":\"BreadcrumbList\",\"@id\":\"https:\/\/syonmedia.ca\/fr\/contact\/#breadcrumb\",\"itemListElement\":[{\"@type\":\"ListItem\",\"position\":1,\"name\":\"Home\",\"item\":\"https:\/\/syonmedia.ca\/fr\/\"},{\"@type\":\"ListItem\",\"position\":2,\"name\":\"Contact\"}]},{\"@type\":\"WebSite\",\"@id\":\"https:\/\/syonmedia.ca\/fr\/#website\",\"url\":\"https:\/\/syonmedia.ca\/fr\/\",\"name\":\"Syon media\",\"description\":\"Creation, development, production and distribution of animation and live-action brands\",\"publisher\":{\"@id\":\"https:\/\/syonmedia.ca\/fr\/#organization\"},\"potentialAction\":[{\"@type\":\"SearchAction\",\"target\":{\"@type\":\"EntryPoint\",\"urlTemplate\":\"https:\/\/syonmedia.ca\/fr\/?s={search_term_string}\"},\"query-input\":\"required name=search_term_string\"}],\"inLanguage\":\"fr-FR\"},{\"@type\":\"Organization\",\"@id\":\"https:\/\/syonmedia.ca\/fr\/#organization\",\"name\":\"Syon Media\",\"url\":\"https:\/\/syonmedia.ca\/fr\/\",\"logo\":{\"@type\":\"ImageObject\",\"inLanguage\":\"fr-FR\",\"@id\":\"https:\/\/syonmedia.ca\/fr\/#\/schema\/logo\/image\/\",\"url\":\"https:\/\/syonmedia.ca\/wp-content\/uploads\/2020\/11\/syonmedia-logo-no-bg.png\",\"contentUrl\":\"https:\/\/syonmedia.ca\/wp-content\/uploads\/2020\/11\/syonmedia-logo-no-bg.png\",\"width\":524,\"height\":214,\"caption\":\"Syon Media\"},\"image\":{\"@id\":\"https:\/\/syonmedia.ca\/fr\/#\/schema\/logo\/image\/\"}}]}<\/script>\n<!-- \/ Yoast SEO plugin. -->","yoast_head_json":{"title":"Contact - Syon media","description":"Contactez-nous pour discuter de votre prochain projet en live action ou en animation!","robots":{"index":"index","follow":"follow","max-snippet":"max-snippet:-1","max-image-preview":"max-image-preview:large","max-video-preview":"max-video-preview:-1"},"canonical":"https:\/\/syonmedia.ca\/fr\/contact\/","og_locale":"fr_FR","og_type":"article","og_title":"Contact - Syon media","og_description":"Contactez-nous pour discuter de votre prochain projet en live action ou en animation!","og_url":"https:\/\/syonmedia.ca\/fr\/contact\/","og_site_name":"Syon media","article_modified_time":"2022-09-19T00:05:27+00:00","twitter_card":"summary_large_image","twitter_misc":{"Dur\u00e9e de lecture estim\u00e9e":"1 minute"},"schema":{"@context":"https:\/\/schema.org","@graph":[{"@type":"WebPage","@id":"https:\/\/syonmedia.ca\/fr\/contact\/","url":"https:\/\/syonmedia.ca\/fr\/contact\/","name":"Contact - Syon media","isPartOf":{"@id":"https:\/\/syonmedia.ca\/fr\/#website"},"datePublished":"2021-01-13T23:07:12+00:00","dateModified":"2022-09-19T00:05:27+00:00","description":"Contactez-nous pour discuter de votre prochain projet en live action ou en animation!","breadcrumb":{"@id":"https:\/\/syonmedia.ca\/fr\/contact\/#breadcrumb"},"inLanguage":"fr-FR","potentialAction":[{"@type":"ReadAction","target":["https:\/\/syonmedia.ca\/fr\/contact\/"]}]},{"@type":"BreadcrumbList","@id":"https:\/\/syonmedia.ca\/fr\/contact\/#breadcrumb","itemListElement":[{"@type":"ListItem","position":1,"name":"Home","item":"https:\/\/syonmedia.ca\/fr\/"},{"@type":"ListItem","position":2,"name":"Contact"}]},{"@type":"WebSite","@id":"https:\/\/syonmedia.ca\/fr\/#website","url":"https:\/\/syonmedia.ca\/fr\/","name":"Syon media","description":"Creation, development, production and distribution of animation and live-action brands","publisher":{"@id":"https:\/\/syonmedia.ca\/fr\/#organization"},"potentialAction":[{"@type":"SearchAction","target":{"@type":"EntryPoint","urlTemplate":"https:\/\/syonmedia.ca\/fr\/?s={search_term_string}"},"query-input":"required name=search_term_string"}],"inLanguage":"fr-FR"},{"@type":"Organization","@id":"https:\/\/syonmedia.ca\/fr\/#organization","name":"Syon Media","url":"https:\/\/syonmedia.ca\/fr\/","logo":{"@type":"ImageObject","inLanguage":"fr-FR","@id":"https:\/\/syonmedia.ca\/fr\/#\/schema\/logo\/image\/","url":"https:\/\/syonmedia.ca\/wp-content\/uploads\/2020\/11\/syonmedia-logo-no-bg.png","contentUrl":"https:\/\/syonmedia.ca\/wp-content\/uploads\/2020\/11\/syonmedia-logo-no-bg.png","width":524,"height":214,"caption":"Syon Media"},"image":{"@id":"https:\/\/syonmedia.ca\/fr\/#\/schema\/logo\/image\/"}}]}},"_links":{"self":[{"href":"https:\/\/syonmedia.ca\/fr\/wp-json\/wp\/v2\/pages\/809"}],"collection":[{"href":"https:\/\/syonmedia.ca\/fr\/wp-json\/wp\/v2\/pages"}],"about":[{"href":"https:\/\/syonmedia.ca\/fr\/wp-json\/wp\/v2\/types\/page"}],"author":[{"embeddable":true,"href":"https:\/\/syonmedia.ca\/fr\/wp-json\/wp\/v2\/users\/1"}],"replies":[{"embeddable":true,"href":"https:\/\/syonmedia.ca\/fr\/wp-json\/wp\/v2\/comments?post=809"}],"version-history":[{"count":4,"href":"https:\/\/syonmedia.ca\/fr\/wp-json\/wp\/v2\/pages\/809\/revisions"}],"predecessor-version":[{"id":2630,"href":"https:\/\/syonmedia.ca\/fr\/wp-json\/wp\/v2\/pages\/809\/revisions\/2630"}],"wp:attachment":[{"href":"https:\/\/syonmedia.ca\/fr\/wp-json\/wp\/v2\/media?parent=809"}],"curies":[{"name":"wp","href":"https:\/\/api.w.org\/{rel}","templated":true}]}}