{"id":806,"date":"2021-01-13T23:06:06","date_gmt":"2021-01-13T23:06:06","guid":{"rendered":"https:\/\/syonmedia.ca\/?page_id=806"},"modified":"2024-03-27T13:53:55","modified_gmt":"2024-03-27T13:53:55","slug":"a-propos","status":"publish","type":"page","link":"https:\/\/syonmedia.ca\/fr\/a-propos\/","title":{"rendered":"\u00c0 Propos"},"content":{"rendered":"\n<div class=\"wp-block-group\"><div class=\"wp-block-group__inner-container is-layout-flow wp-block-group-is-layout-flow\">\n<div style=\"height:65px\" aria-hidden=\"true\" class=\"wp-block-spacer\"><\/div>\n\n\n\n<div class=\"syon-separator-title-wrap\">\n    <div class=\"syon-separator-title-dash has-primary-theme-color-background-color\"><\/div>\n    <h2>Pr\u00e9sentation<\/h2>\n    <div class=\"syon-separator-title-dash has-primary-theme-color-background-color\"><\/div>\n<\/div>\n\n\n\n<div style=\"height:39px\" aria-hidden=\"true\" class=\"wp-block-spacer\"><\/div>\n\n\n\n<div style=\"max-width:875px;margin:auto;\"><p style=\"text-align:center;\">Syon Media est une soci\u00e9t\u00e9 de divertissement sp\u00e9cialis\u00e9e dans la cr\u00e9ation, le d\u00e9veloppement, la production et la distribution de contenu d\u2019animation et de live action \u00e0 destination de tous les types de public. Bas\u00e9e au Canada et fond\u00e9e en 2002 par Danny Bergeron et Allan Joli-Coeur, Syon Media a particip\u00e9, en partenariat avec des producteurs venant du monde entier, \u00e0 un nombre impressionnant de films et de s\u00e9ries t\u00e9l\u00e9vis\u00e9es (superproductions hollywoodiennes ou projets ind\u00e9pendants) au cours de ces vingt derni\u00e8res ann\u00e9es.<\/p><\/div>\n\n\n\n<div style=\"height:109px\" aria-hidden=\"true\" class=\"wp-block-spacer\"><\/div>\n<\/div><\/div>\n\n\n\n<div class=\"syon-separator-title-wrap\">\n    <div class=\"syon-separator-title-dash has-primary-theme-color-background-color\"><\/div>\n    <h2>Notre Expertise<\/h2>\n    <div class=\"syon-separator-title-dash has-primary-theme-color-background-color\"><\/div>\n<\/div>\n\n\n\n<div class=\"syon-section  is-dark is-transparent-bg\">\n    <div class=\"syon-container w-container\">\n                <div class=\"syon-expertise-wrapper\">\n                        <div class=\"syon-expertise-card\">\n                <div class=\"syon-expertise-developments-icon \">\n                    <i class=\"fal fa-typewriter\"><\/i><\/div>\n                <h5 class=\"syon-expertise-title\">D\u00c9VELOPPEMENT<\/h5>\n                <p class=\"syon-expertise-desc\">Syon Media d\u00e9veloppe des contenus d\u2019animation et de live action pour tous les publics, du concept original au mat\u00e9riel de pitch. Nous travaillons avec des cr\u00e9ateurs de contenu du monde entier pour produire un contenu divertissant et de grande qualit\u00e9 qui plaira \u00e0 toute la famille. Sur certains projets, nous agissons \u00e9galement en tant que partenaire de co-d\u00e9veloppement avec des producteurs ind\u00e9pendants.<\/p>\n            <\/div>\n                        <div class=\"syon-expertise-card\">\n                <div class=\"syon-expertise-developments-icon \">\n                    <i class=\"fal fa-camera-movie\"><\/i><\/div>\n                <h5 class=\"syon-expertise-title\">CO-PRODUCTION<\/h5>\n                <p class=\"syon-expertise-desc\">Pr\u00e8s de 60 pays dans le monde ont un trait\u00e9 de co-production avec le Canada. Syon Media est le partenaire id\u00e9al pour associer l\u2019expertise et le talent canadien \u00e0 votre projet et le transformer en une marque majeure et inspirante. Nous pouvons \u00e9tablir et g\u00e9rer des trait\u00e9s de co-production ou des joint-ventures pour une production et un financement au cas par cas.<\/p>\n            <\/div>\n                        <div class=\"syon-expertise-card\">\n                <div class=\"syon-expertise-developments-icon \">\n                    <i class=\"fal fa-bullhorn\"><\/i><\/div>\n                <h5 class=\"syon-expertise-title\">DISTRIBUTION<\/h5>\n                <p class=\"syon-expertise-desc\">L&#8217;\u00e9quipe de distribution de Syon Media g\u00e8re les droits lin\u00e9aires et non lin\u00e9aires de son catalogue de distribution territoire par territoire. Notre \u00e9quipe travaillera avec vous \u00e0 chaque \u00e9tape pour assurer \u00e0 votre contenu une visibilit\u00e9 \u00e0 l\u2019international et un maximum de ventes. Nous avons des relations privil\u00e9gi\u00e9es avec les diffuseurs du monde entier et nous assistons tr\u00e8s r\u00e9guli\u00e8rement \u00e0 tous les principaux march\u00e9s et festivals internationaux. Si vous \u00eates propri\u00e9taire d\u2019une marque \u00e0 la recherche d&#8217;un distributeur international pour votre contenu, n\u2019h\u00e9sitez pas \u00e0 contacter notre \u00e9quipe.<\/p>\n            <\/div>\n                        <div class=\"syon-expertise-card\">\n                <div class=\"syon-expertise-developments-icon \">\n                    <i class=\"fal fa-desktop\"><\/i><\/div>\n                <h5 class=\"syon-expertise-title\">SERVICES<\/h5>\n                <p class=\"syon-expertise-desc\">Syon Media propose des services de production au Canada pour les tournages, les effets visuels (VFX), l&#8217;animation et la post-production. Nous g\u00e9rons et finan\u00e7ons \u00e9galement les cr\u00e9dits d&#8217;imp\u00f4t canadiens de mani\u00e8re tr\u00e8s efficace pour les projets admissibles. Si vous \u00eates un producteur \u00e0 la recherche de services de production au Canada, n&#8217;h\u00e9sitez pas \u00e0 nous contacter.\r\n<\/p>\n            <\/div>\n                    <\/div>\n            <\/div>\n<\/div>\n\n\n\n<div style=\"height:50px\" aria-hidden=\"true\" class=\"wp-block-spacer\"><\/div>\n\n\n\n<div class=\"syon-separator-title-wrap\">\n    <div class=\"syon-separator-title-dash has-primary-theme-color-background-color\"><\/div>\n    <h2>Notre \u00c9quipe<\/h2>\n    <div class=\"syon-separator-title-dash has-primary-theme-color-background-color\"><\/div>\n<\/div>\n\n\n\n<div style=\"height:57px\" aria-hidden=\"true\" class=\"wp-block-spacer\"><\/div>\n\n\n\n<div class=\"syon-container w-container\">\n    <h3 class=\"ourteam-heading\"><\/h3>\n                <div class=\"syon-our-team-wrapper \">\n            <div class=\"syon-our-team__card\">\n                <div class=\"ourteam-profile-wrap \"\n                    style=\"background-image:url('https:\/\/syonmedia.ca\/wp-content\/uploads\/2020\/12\/Danny.bw2_.jpg')\">\n                <\/div>\n                <h4 class=\"our-team-description-title\">Danny Bergeron<\/h4>\n                <div class=\"ourteam-description-desc\">Pr\u00e9sident &#038; Producteur<\/div>\n                                <div class=\"media-wrap\">\n                    <a class=\"ourteam-media-icon \"\n                        href=\"https:\/\/pro.imdb.com\/name\/nm1603001\/\"><i class=\"fab fa-imdb\"><\/i><\/a>\n                <\/div>\n                                <div class=\"media-wrap\">\n                    <a class=\"ourteam-media-icon \"\n                        href=\"https:\/\/www.linkedin.com\/in\/dannybergeron\/\"><i class=\"fab fa-linkedin\"><\/i><\/a>\n                <\/div>\n                                <div class=\"media-wrap\">\n                    <a class=\"ourteam-media-icon \"\n                        href=\"mailto:dbergeron@syonmedia.ca\"><i class=\"fas fa-envelope\"><\/i><\/a>\n                <\/div>\n                            <\/div>\n            <div class=\"syon-team-bio-wrap\">\n                <p><span style=\"font-weight: 400;\">Danny est consid\u00e9r\u00e9 comme un v\u00e9ritable pionnier dans la production d&#8217;animation et d&#8217;effets visuels au Canada. Il a commenc\u00e9 \u00e0 explorer cette facette de l&#8217;animation il y a plus de trente ans. Il a \u00e9t\u00e9 chef animateur, r\u00e9alisateur, producteur et producteur VFX sur plusieurs films et s\u00e9ries d\u2019animation. De nombreux studios hollywoodiens et ind\u00e9pendants du cin\u00e9ma, de la t\u00e9l\u00e9vision et de la publicit\u00e9 ont sollicit\u00e9 son talent cr\u00e9atif et son expertise sur d&#8217;innombrables projets.<\/span><\/p>\n<p><span style=\"font-weight: 400;\"><br \/>\n<\/span><span style=\"font-weight: 400;\">Tout au long de sa carri\u00e8re, Danny a r\u00e9alis\u00e9 plusieurs films d&#8217;animation, principalement dans le domaine publicitaire. Danny a \u00e9galement cr\u00e9\u00e9, produit ou co-produit de nombreux projets d&#8217;animation dont Inuk, la premi\u00e8re s\u00e9rie t\u00e9l\u00e9vis\u00e9e d&#8217;animation qu\u00e9b\u00e9coise en 3D (TQ, CBC, APTN), Fred des Cavernes (Teletoon), Fridge Magnets, Podcats (Okidoki, Morgane, France Television) et le long m\u00e9trage d&#8217;animation Quackerz (Canada, Russie, Italie). Il travaille actuellement sur la production de la s\u00e9rie d\u2019animation The Beachbuds (Indon\u00e9sie, Canada). Danny est membre de l\u2019Alliance Media Jeunesse (AMJ), de l&#8217;Alliance Qu\u00e9bec Animation (AQA), de la Visual Effects Society (VES, Los Angeles) et du Qu\u00e9bec Film and Television Council (QFTC). Danny a un baccalaur\u00e9at en cin\u00e9ma et communication de l\u2019Universit\u00e9 McGill et une ma\u00eetrise en animation sur ordinateur de l\u2019Universit\u00e9 Concordia.<\/span><\/p>\n            <\/div>\n        <\/div>\n        <div style=\"width:20%;height:1px;margin:0px auto;background-color:rgba(0,0,0,0.2);\"><\/div>\n                <div class=\"syon-our-team-wrapper \">\n            <div class=\"syon-our-team__card\">\n                <div class=\"ourteam-profile-wrap \"\n                    style=\"background-image:url('https:\/\/syonmedia.ca\/wp-content\/uploads\/2020\/12\/Allan2.bw2_.jpg')\">\n                <\/div>\n                <h4 class=\"our-team-description-title\">Allan Joli-Coeur<\/h4>\n                <div class=\"ourteam-description-desc\">VP &#038; Producteur Ex\u00e9cutif<\/div>\n                                <div class=\"media-wrap\">\n                    <a class=\"ourteam-media-icon \"\n                        href=\"https:\/\/pro.imdb.com\/name\/nm1623476\/\"><i class=\"fab fa-imdb\"><\/i><\/a>\n                <\/div>\n                                <div class=\"media-wrap\">\n                    <a class=\"ourteam-media-icon \"\n                        href=\"https:\/\/www.linkedin.com\/in\/allanjolicoeur\/\"><i class=\"fab fa-linkedin\"><\/i><\/a>\n                <\/div>\n                                <div class=\"media-wrap\">\n                    <a class=\"ourteam-media-icon \"\n                        href=\"mailto:allan@syonmedia.ca\"><i class=\"fas fa-envelope\"><\/i><\/a>\n                <\/div>\n                            <\/div>\n            <div class=\"syon-team-bio-wrap\">\n                <p><span style=\"font-weight: 400;\">Avocat de formation, Allan poss\u00e8de une solide connaissance des aspects financiers, juridiques et commerciaux de la production et de l&#8217;exploitation des m\u00e9dias. Avec toutes ces ann\u00e9es en juridique et finance dans le domaine des m\u00e9dias, il a acquis beaucoup d\u2019exp\u00e9rience dans la gestion de tous les aspects de la production du live action, de l\u2019animation et du num\u00e9rique.<\/span><\/p>\n<p><span style=\"font-weight: 400;\">Allan a plus de 25 ans d\u2019exp\u00e9rience, il a travaill\u00e9 aussi bien dans de grandes entreprises publiques que dans de petites entit\u00e9s de production. Au cours de ses premi\u00e8res ann\u00e9es dans l&#8217;industrie, Allan a travaill\u00e9 pour le cabinet d&#8217;avocats Heenan Blaikie et la soci\u00e9t\u00e9 de production et de distribution Allegro \/ Motion International, il a ainsi particip\u00e9 \u00e0 plus de 200 productions internationales. Depuis, Allan a \u00e9t\u00e9 directement impliqu\u00e9 en tant que producteur ou producteur ex\u00e9cutif dans plus de 20 saisons de s\u00e9ries t\u00e9l\u00e9vis\u00e9es, une douzaine de productions interactives, une demi-douzaine de documentaires et deux longs m\u00e9trages, r\u00e9compens\u00e9s par des prix tels que G\u00e9meaux, AMJ, Numix, Canada Screen et Peabody.<\/span><\/p>\n<p><span style=\"font-weight: 400;\">\u00c0 la t\u00eate des op\u00e9rations de Syon Media \u00e0 Vancouver, Allan est tr\u00e8s engag\u00e9 dans la cr\u00e9ation de <\/span><span style=\"font-weight: 400;\">m\u00e9dias forts et intelligents pour les enfants et la famille, ainsi que dans l\u2019industrie du contenu canadien ind\u00e9pendant.<\/span><\/p>\n            <\/div>\n        <\/div>\n        <div style=\"width:20%;height:1px;margin:0px auto;background-color:rgba(0,0,0,0.2);\"><\/div>\n                <div class=\"syon-our-team-wrapper \">\n            <div class=\"syon-our-team__card\">\n                <div class=\"ourteam-profile-wrap \"\n                    style=\"background-image:url('https:\/\/syonmedia.ca\/wp-content\/uploads\/2020\/12\/Shirley.bw1_.jpg')\">\n                <\/div>\n                <h4 class=\"our-team-description-title\">Xiaoyi (Shirley) Gu<\/h4>\n                <div class=\"ourteam-description-desc\">VP &#038; D\u00e9veloppement de March\u00e9 &#8211; Asie<\/div>\n                                <div class=\"media-wrap\">\n                    <a class=\"ourteam-media-icon \"\n                        href=\"https:\/\/www.linkedin.com\/in\/shirley-gu-64766516\/\"><i class=\"fab fa-linkedin\"><\/i><\/a>\n                <\/div>\n                                <div class=\"media-wrap\">\n                    <a class=\"ourteam-media-icon \"\n                        href=\"mailto:sgu@syonmedia.ca\"><i class=\"fas fa-envelope\"><\/i><\/a>\n                <\/div>\n                            <\/div>\n            <div class=\"syon-team-bio-wrap\">\n                <p><span style=\"font-weight: 400;\">N\u00e9e \u00e0 Shanghai, en Chine, Shirley a d\u00e9m\u00e9nag\u00e9 au Canada en 2009 et a obtenu son baccalaur\u00e9at en commerce et management op\u00e9rationnel \u00e0 l&#8217;Universit\u00e9 Concordia en 2013. Shirley a commenc\u00e9 sa carri\u00e8re en tant que charg\u00e9e du d\u00e9veloppement des affaires pour une soci\u00e9t\u00e9 canadienne d\u2019immobilier renomm\u00e9e. Elle \u00e9tait charg\u00e9e du d\u00e9veloppement du march\u00e9 asiatique et des relations investisseurs. En 2016, Shirley a rejoint Studio Digital District Canada, une succursale du Digital District bas\u00e9e \u00e0 Paris, une soci\u00e9t\u00e9 fournissant des services d&#8217;effets visuels et de postproduction. Shirley \u00e9tait charg\u00e9e du d\u00e9veloppement du march\u00e9 et de la relation client avec la Chine. Elle \u00e9tait notamment responsable de la supervision du film chinois \u00ab Le Probl\u00e8me \u00e0 trois corps \u00bb.\u00a0<\/span><\/p>\n<p><span style=\"font-weight: 400;\">En 2018, Shirley a rejoint Syon Media en tant que directrice du d\u00e9veloppement du march\u00e9 asiatique, puis elle est devenue associ\u00e9e et vice-pr\u00e9sidente du d\u00e9veloppement. Shirley est d\u00e9sormais bas\u00e9e \u00e0 Shanghai pour repr\u00e9senter Syon Media sur le territoire asiatique.<\/span><\/p>\n            <\/div>\n        <\/div>\n        <div style=\"width:20%;height:1px;margin:0px auto;background-color:rgba(0,0,0,0.2);\"><\/div>\n        <\/div>\n","protected":false},"excerpt":{"rendered":"<p>Syon Media est une soci\u00e9t\u00e9 de divertissement sp\u00e9cialis\u00e9e dans la cr\u00e9ation, le d\u00e9veloppement, la production et la distribution de contenu d\u2019animation et de live action \u00e0 destination de tous les types de public. Bas\u00e9e au Canada et fond\u00e9e en 2002 par Danny Bergeron et Allan Joli-Coeur, Syon Media a particip\u00e9, en partenariat avec des producteurs [&hellip;]<\/p>\n","protected":false},"author":1,"featured_media":0,"parent":0,"menu_order":0,"comment_status":"closed","ping_status":"closed","template":"","meta":{"footnotes":""},"yoast_head":"<!-- This site is optimized with the Yoast SEO plugin v22.9 - https:\/\/yoast.com\/wordpress\/plugins\/seo\/ -->\n<title>\u00c0 Propos - Syon media<\/title>\n<meta name=\"description\" content=\"Syon Media se sp\u00e9cialise dans la cr\u00e9ation, le d\u00e9veloppement, la production et la distribution de contenu d\u2019animation et de live action.\" \/>\n<meta name=\"robots\" content=\"index, follow, max-snippet:-1, max-image-preview:large, max-video-preview:-1\" \/>\n<link rel=\"canonical\" href=\"https:\/\/syonmedia.ca\/fr\/a-propos\/\" \/>\n<meta property=\"og:locale\" content=\"fr_FR\" \/>\n<meta property=\"og:type\" content=\"article\" \/>\n<meta property=\"og:title\" content=\"\u00c0 Propos - Syon media\" \/>\n<meta property=\"og:description\" content=\"Syon Media se sp\u00e9cialise dans la cr\u00e9ation, le d\u00e9veloppement, la production et la distribution de contenu d\u2019animation et de live action.\" \/>\n<meta property=\"og:url\" content=\"https:\/\/syonmedia.ca\/fr\/a-propos\/\" \/>\n<meta property=\"og:site_name\" content=\"Syon media\" \/>\n<meta property=\"article:modified_time\" content=\"2024-03-27T13:53:55+00:00\" \/>\n<meta name=\"twitter:card\" content=\"summary_large_image\" \/>\n<meta name=\"twitter:label1\" content=\"Dur\u00e9e de lecture estim\u00e9e\" \/>\n\t<meta name=\"twitter:data1\" content=\"1 minute\" \/>\n<script type=\"application\/ld+json\" class=\"yoast-schema-graph\">{\"@context\":\"https:\/\/schema.org\",\"@graph\":[{\"@type\":\"WebPage\",\"@id\":\"https:\/\/syonmedia.ca\/fr\/a-propos\/\",\"url\":\"https:\/\/syonmedia.ca\/fr\/a-propos\/\",\"name\":\"\u00c0 Propos - Syon media\",\"isPartOf\":{\"@id\":\"https:\/\/syonmedia.ca\/fr\/#website\"},\"datePublished\":\"2021-01-13T23:06:06+00:00\",\"dateModified\":\"2024-03-27T13:53:55+00:00\",\"description\":\"Syon Media se sp\u00e9cialise dans la cr\u00e9ation, le d\u00e9veloppement, la production et la distribution de contenu d\u2019animation et de live action.\",\"breadcrumb\":{\"@id\":\"https:\/\/syonmedia.ca\/fr\/a-propos\/#breadcrumb\"},\"inLanguage\":\"fr-FR\",\"potentialAction\":[{\"@type\":\"ReadAction\",\"target\":[\"https:\/\/syonmedia.ca\/fr\/a-propos\/\"]}]},{\"@type\":\"BreadcrumbList\",\"@id\":\"https:\/\/syonmedia.ca\/fr\/a-propos\/#breadcrumb\",\"itemListElement\":[{\"@type\":\"ListItem\",\"position\":1,\"name\":\"Home\",\"item\":\"https:\/\/syonmedia.ca\/fr\/\"},{\"@type\":\"ListItem\",\"position\":2,\"name\":\"\u00c0 Propos\"}]},{\"@type\":\"WebSite\",\"@id\":\"https:\/\/syonmedia.ca\/fr\/#website\",\"url\":\"https:\/\/syonmedia.ca\/fr\/\",\"name\":\"Syon media\",\"description\":\"Creation, development, production and distribution of animation and live-action brands\",\"publisher\":{\"@id\":\"https:\/\/syonmedia.ca\/fr\/#organization\"},\"potentialAction\":[{\"@type\":\"SearchAction\",\"target\":{\"@type\":\"EntryPoint\",\"urlTemplate\":\"https:\/\/syonmedia.ca\/fr\/?s={search_term_string}\"},\"query-input\":\"required name=search_term_string\"}],\"inLanguage\":\"fr-FR\"},{\"@type\":\"Organization\",\"@id\":\"https:\/\/syonmedia.ca\/fr\/#organization\",\"name\":\"Syon Media\",\"url\":\"https:\/\/syonmedia.ca\/fr\/\",\"logo\":{\"@type\":\"ImageObject\",\"inLanguage\":\"fr-FR\",\"@id\":\"https:\/\/syonmedia.ca\/fr\/#\/schema\/logo\/image\/\",\"url\":\"https:\/\/syonmedia.ca\/wp-content\/uploads\/2020\/11\/syonmedia-logo-no-bg.png\",\"contentUrl\":\"https:\/\/syonmedia.ca\/wp-content\/uploads\/2020\/11\/syonmedia-logo-no-bg.png\",\"width\":524,\"height\":214,\"caption\":\"Syon Media\"},\"image\":{\"@id\":\"https:\/\/syonmedia.ca\/fr\/#\/schema\/logo\/image\/\"}}]}<\/script>\n<!-- \/ Yoast SEO plugin. -->","yoast_head_json":{"title":"\u00c0 Propos - Syon media","description":"Syon Media se sp\u00e9cialise dans la cr\u00e9ation, le d\u00e9veloppement, la production et la distribution de contenu d\u2019animation et de live action.","robots":{"index":"index","follow":"follow","max-snippet":"max-snippet:-1","max-image-preview":"max-image-preview:large","max-video-preview":"max-video-preview:-1"},"canonical":"https:\/\/syonmedia.ca\/fr\/a-propos\/","og_locale":"fr_FR","og_type":"article","og_title":"\u00c0 Propos - Syon media","og_description":"Syon Media se sp\u00e9cialise dans la cr\u00e9ation, le d\u00e9veloppement, la production et la distribution de contenu d\u2019animation et de live action.","og_url":"https:\/\/syonmedia.ca\/fr\/a-propos\/","og_site_name":"Syon media","article_modified_time":"2024-03-27T13:53:55+00:00","twitter_card":"summary_large_image","twitter_misc":{"Dur\u00e9e de lecture estim\u00e9e":"1 minute"},"schema":{"@context":"https:\/\/schema.org","@graph":[{"@type":"WebPage","@id":"https:\/\/syonmedia.ca\/fr\/a-propos\/","url":"https:\/\/syonmedia.ca\/fr\/a-propos\/","name":"\u00c0 Propos - Syon media","isPartOf":{"@id":"https:\/\/syonmedia.ca\/fr\/#website"},"datePublished":"2021-01-13T23:06:06+00:00","dateModified":"2024-03-27T13:53:55+00:00","description":"Syon Media se sp\u00e9cialise dans la cr\u00e9ation, le d\u00e9veloppement, la production et la distribution de contenu d\u2019animation et de live action.","breadcrumb":{"@id":"https:\/\/syonmedia.ca\/fr\/a-propos\/#breadcrumb"},"inLanguage":"fr-FR","potentialAction":[{"@type":"ReadAction","target":["https:\/\/syonmedia.ca\/fr\/a-propos\/"]}]},{"@type":"BreadcrumbList","@id":"https:\/\/syonmedia.ca\/fr\/a-propos\/#breadcrumb","itemListElement":[{"@type":"ListItem","position":1,"name":"Home","item":"https:\/\/syonmedia.ca\/fr\/"},{"@type":"ListItem","position":2,"name":"\u00c0 Propos"}]},{"@type":"WebSite","@id":"https:\/\/syonmedia.ca\/fr\/#website","url":"https:\/\/syonmedia.ca\/fr\/","name":"Syon media","description":"Creation, development, production and distribution of animation and live-action brands","publisher":{"@id":"https:\/\/syonmedia.ca\/fr\/#organization"},"potentialAction":[{"@type":"SearchAction","target":{"@type":"EntryPoint","urlTemplate":"https:\/\/syonmedia.ca\/fr\/?s={search_term_string}"},"query-input":"required name=search_term_string"}],"inLanguage":"fr-FR"},{"@type":"Organization","@id":"https:\/\/syonmedia.ca\/fr\/#organization","name":"Syon Media","url":"https:\/\/syonmedia.ca\/fr\/","logo":{"@type":"ImageObject","inLanguage":"fr-FR","@id":"https:\/\/syonmedia.ca\/fr\/#\/schema\/logo\/image\/","url":"https:\/\/syonmedia.ca\/wp-content\/uploads\/2020\/11\/syonmedia-logo-no-bg.png","contentUrl":"https:\/\/syonmedia.ca\/wp-content\/uploads\/2020\/11\/syonmedia-logo-no-bg.png","width":524,"height":214,"caption":"Syon Media"},"image":{"@id":"https:\/\/syonmedia.ca\/fr\/#\/schema\/logo\/image\/"}}]}},"_links":{"self":[{"href":"https:\/\/syonmedia.ca\/fr\/wp-json\/wp\/v2\/pages\/806"}],"collection":[{"href":"https:\/\/syonmedia.ca\/fr\/wp-json\/wp\/v2\/pages"}],"about":[{"href":"https:\/\/syonmedia.ca\/fr\/wp-json\/wp\/v2\/types\/page"}],"author":[{"embeddable":true,"href":"https:\/\/syonmedia.ca\/fr\/wp-json\/wp\/v2\/users\/1"}],"replies":[{"embeddable":true,"href":"https:\/\/syonmedia.ca\/fr\/wp-json\/wp\/v2\/comments?post=806"}],"version-history":[{"count":19,"href":"https:\/\/syonmedia.ca\/fr\/wp-json\/wp\/v2\/pages\/806\/revisions"}],"predecessor-version":[{"id":4754,"href":"https:\/\/syonmedia.ca\/fr\/wp-json\/wp\/v2\/pages\/806\/revisions\/4754"}],"wp:attachment":[{"href":"https:\/\/syonmedia.ca\/fr\/wp-json\/wp\/v2\/media?parent=806"}],"curies":[{"name":"wp","href":"https:\/\/api.w.org\/{rel}","templated":true}]}}