{"id":791,"date":"2021-01-13T22:01:02","date_gmt":"2021-01-13T22:01:02","guid":{"rendered":"https:\/\/syonmedia.ca\/?page_id=791"},"modified":"2024-03-18T21:24:10","modified_gmt":"2024-03-18T21:24:10","slug":"home","status":"publish","type":"page","link":"https:\/\/syonmedia.ca\/fr\/","title":{"rendered":"Accueil"},"content":{"rendered":"\n<div class=\"syon-hero-wrapper\">\n    <div class=\"syon-hero-text-wrapper \">\n        <h2 class=\"syon-hero-title\">Live Action<\/h2>\n                        <a href=\"https:\/\/syonmedia.ca\/fr\/live_action\/?t=all\" class=\"button small\">Voir les projets en Live Action<\/a>\n            <\/div>\n    <div class=\"syon-hero-cols-wrapper \">\n                <a href=\"https:\/\/syonmedia.ca\/fr\/live_action\/serena\/\" class=\"syon-hero-column \">\n            <div class=\"syon-hero-col-img\" style=\"background-image:url('https:\/\/syonmedia.ca\/wp-content\/uploads\/2020\/11\/C_SERENA4-1.jpg');\">\n            <\/div>\n            <div class=\"syon-hero-col-overlay\">\n                <div class=\"syon-col-text\">\n                    <h3>Serena<\/h3>\n                    <p>Voir le projet<i class=\"fal fa-long-arrow-right\"><\/i><\/p>\n                <\/div>\n            <\/div>\n        <\/a>\n                <a href=\"https:\/\/syonmedia.ca\/fr\/live_action\/guy-x\/\" class=\"syon-hero-column \">\n            <div class=\"syon-hero-col-img\" style=\"background-image:url('https:\/\/syonmedia.ca\/wp-content\/uploads\/2020\/11\/C_Guy-X.1-1.jpg');\">\n            <\/div>\n            <div class=\"syon-hero-col-overlay\">\n                <div class=\"syon-col-text\">\n                    <h3>GUY X<\/h3>\n                    <p>Voir le projet<i class=\"fal fa-long-arrow-right\"><\/i><\/p>\n                <\/div>\n            <\/div>\n        <\/a>\n                <a href=\"https:\/\/syonmedia.ca\/fr\/live_action\/cosmos-une-odyssee-a-travers-lunivers\/\" class=\"syon-hero-column \">\n            <div class=\"syon-hero-col-img\" style=\"background-image:url('https:\/\/syonmedia.ca\/wp-content\/uploads\/2020\/11\/C_Cosmos3.jpg');\">\n            <\/div>\n            <div class=\"syon-hero-col-overlay\">\n                <div class=\"syon-col-text\">\n                    <h3>Cosmos : une odyss\u00e9e \u00e0 travers l&#8217;univers<\/h3>\n                    <p>Voir le projet<i class=\"fal fa-long-arrow-right\"><\/i><\/p>\n                <\/div>\n            <\/div>\n        <\/a>\n                <a href=\"https:\/\/syonmedia.ca\/fr\/live_action\/too-old-to-die-young\/\" class=\"syon-hero-column \">\n            <div class=\"syon-hero-col-img\" style=\"background-image:url('https:\/\/syonmedia.ca\/wp-content\/uploads\/2020\/11\/C_TOTDY2-1.jpg');\">\n            <\/div>\n            <div class=\"syon-hero-col-overlay\">\n                <div class=\"syon-col-text\">\n                    <h3>Too Old To Die Young<\/h3>\n                    <p>Voir le projet<i class=\"fal fa-long-arrow-right\"><\/i><\/p>\n                <\/div>\n            <\/div>\n        <\/a>\n                <a href=\"https:\/\/syonmedia.ca\/fr\/live_action\/les-temps-changent\/\" class=\"syon-hero-column inactive\">\n            <div class=\"syon-hero-col-img\" style=\"background-image:url('https:\/\/syonmedia.ca\/wp-content\/uploads\/2020\/11\/C_CCCT4-1.png');\">\n            <\/div>\n            <div class=\"syon-hero-col-overlay\">\n                <div class=\"syon-col-text\">\n                    <h3>Les temps changent<\/h3>\n                    <p>Voir le projet<i class=\"fal fa-long-arrow-right\"><\/i><\/p>\n                <\/div>\n            <\/div>\n        <\/a>\n            <\/div>\n    <div class=\"syon-hero-img-container-mobile \">\n        <div class=\"syon-mobile-hero-img\" style=\"background-image:url('https:\/\/syonmedia.ca\/wp-content\/uploads\/2020\/11\/C_SERENA4-1.jpg');\"><\/div>\n    <\/div>\n<\/div>\n\n\n\n<div class=\"has-primary-theme-color-background-color\" style=\"margin:0px auto;width:100%;height:2px;\"><\/div>\n\n\n\n<div class=\"syon-hero-wrapper\">\n    <div class=\"syon-hero-text-wrapper invert\">\n        <h2 class=\"syon-hero-title\">Animation<\/h2>\n                        <a href=\"https:\/\/syonmedia.ca\/fr\/animation\/?t=all\" class=\"button small\">Voir les projets en animation<\/a>\n            <\/div>\n    <div class=\"syon-hero-cols-wrapper invert\">\n                <a href=\"https:\/\/syonmedia.ca\/fr\/animation\/caveman-bill\/\" class=\"syon-hero-column \">\n            <div class=\"syon-hero-col-img\" style=\"background-image:url('https:\/\/syonmedia.ca\/wp-content\/uploads\/2022\/09\/Caveman-Bill-1.jpg');\">\n            <\/div>\n            <div class=\"syon-hero-col-overlay\">\n                <div class=\"syon-col-text\">\n                    <h3>The Cave Buddies<\/h3>\n                    <p>Voir le projet<i class=\"fal fa-long-arrow-right\"><\/i><\/p>\n                <\/div>\n            <\/div>\n        <\/a>\n                <a href=\"https:\/\/syonmedia.ca\/fr\/animation\/sorciere-en-herbe\/\" class=\"syon-hero-column \">\n            <div class=\"syon-hero-col-img\" style=\"background-image:url('https:\/\/syonmedia.ca\/wp-content\/uploads\/2023\/09\/The-Enchanted-World-of-Emilily_key-visual.lr_-e1696013732362.jpg');\">\n            <\/div>\n            <div class=\"syon-hero-col-overlay\">\n                <div class=\"syon-col-text\">\n                    <h3>Sorci\u00e8re en Herbe<\/h3>\n                    <p>Voir le projet<i class=\"fal fa-long-arrow-right\"><\/i><\/p>\n                <\/div>\n            <\/div>\n        <\/a>\n                <a href=\"https:\/\/syonmedia.ca\/fr\/animation\/the-beachbuds\/\" class=\"syon-hero-column \">\n            <div class=\"syon-hero-col-img\" style=\"background-image:url('https:\/\/syonmedia.ca\/wp-content\/uploads\/2020\/12\/Beachbuds2-e1607357401704.png');\">\n            <\/div>\n            <div class=\"syon-hero-col-overlay\">\n                <div class=\"syon-col-text\">\n                    <h3>The Beachbuds<\/h3>\n                    <p>Voir le projet<i class=\"fal fa-long-arrow-right\"><\/i><\/p>\n                <\/div>\n            <\/div>\n        <\/a>\n                <a href=\"https:\/\/syonmedia.ca\/fr\/animation\/eugenie-et-les-mysteres-de-paris\/\" class=\"syon-hero-column \">\n            <div class=\"syon-hero-col-img\" style=\"background-image:url('https:\/\/syonmedia.ca\/wp-content\/uploads\/2022\/09\/Image-cle_MDP-e1663353548480.jpg');\">\n            <\/div>\n            <div class=\"syon-hero-col-overlay\">\n                <div class=\"syon-col-text\">\n                    <h3>Eug\u00e9nie et les Myst\u00e8res de Paris<\/h3>\n                    <p>Voir le projet<i class=\"fal fa-long-arrow-right\"><\/i><\/p>\n                <\/div>\n            <\/div>\n        <\/a>\n            <\/div>\n    <div class=\"syon-hero-img-container-mobile invert\">\n        <div class=\"syon-mobile-hero-img\" style=\"background-image:url('https:\/\/syonmedia.ca\/wp-content\/uploads\/2022\/09\/Caveman-Bill-1.jpg');\"><\/div>\n    <\/div>\n<\/div>\n\n\n\n<div class=\"has-primary-theme-color-background-color\" style=\"margin:0px auto;width:100%;height:2px;\"><\/div>\n\n\n\n<div class=\"syon-section  is-light \">\n    <div class=\"syon-container w-container\">\n                    <h3 class=\"syon-news-title\">Notre Expertise<\/h3>\n                <div class=\"syon-expertise-wrapper\">\n                        <div class=\"syon-expertise-card\">\n                <div class=\"syon-expertise-developments-icon \">\n                    <i class=\"fal fa-typewriter\"><\/i><\/div>\n                <h5 class=\"syon-expertise-title\">D\u00c9VELOPPEMENT<\/h5>\n                <p class=\"syon-expertise-desc\">Syon Media d\u00e9veloppe des contenus d\u2019animation et de live action pour tous les publics, du concept original au mat\u00e9riel de pitch. Nous travaillons avec des cr\u00e9ateurs de contenu du monde entier pour produire un contenu divertissant et de grande qualit\u00e9 qui plaira \u00e0 toute la famille. Sur certains projets, nous agissons \u00e9galement en tant que partenaire de co-d\u00e9veloppement avec des producteurs ind\u00e9pendants.<\/p>\n            <\/div>\n                        <div class=\"syon-expertise-card\">\n                <div class=\"syon-expertise-developments-icon \">\n                    <i class=\"fal fa-camera-movie\"><\/i><\/div>\n                <h5 class=\"syon-expertise-title\">CO-PRODUCTION<\/h5>\n                <p class=\"syon-expertise-desc\">Pr\u00e8s de 60 pays dans le monde ont un trait\u00e9 de co-production avec le Canada. Syon Media est le partenaire id\u00e9al pour associer l\u2019expertise et le talent canadien \u00e0 votre projet et le transformer en une marque majeure et inspirante. Nous pouvons \u00e9tablir et g\u00e9rer des trait\u00e9s de co-production ou des joint-ventures pour une production et un financement au cas par cas.<\/p>\n            <\/div>\n                        <div class=\"syon-expertise-card\">\n                <div class=\"syon-expertise-developments-icon \">\n                    <i class=\"fal fa-bullhorn\"><\/i><\/div>\n                <h5 class=\"syon-expertise-title\">DISTRIBUTION<\/h5>\n                <p class=\"syon-expertise-desc\">L&#8217;\u00e9quipe de distribution de Syon Media g\u00e8re les droits lin\u00e9aires et non lin\u00e9aires de son catalogue de distribution territoire par territoire. Notre \u00e9quipe travaillera avec vous \u00e0 chaque \u00e9tape pour assurer \u00e0 votre contenu une visibilit\u00e9 \u00e0 l\u2019international et un maximum de ventes. Nous avons des relations privil\u00e9gi\u00e9es avec les diffuseurs du monde entier et nous assistons tr\u00e8s r\u00e9guli\u00e8rement \u00e0 tous les principaux march\u00e9s et festivals internationaux. Si vous \u00eates propri\u00e9taire d\u2019une marque \u00e0 la recherche d&#8217;un distributeur international pour votre contenu, n\u2019h\u00e9sitez pas \u00e0 contacter notre \u00e9quipe.<\/p>\n            <\/div>\n                        <div class=\"syon-expertise-card\">\n                <div class=\"syon-expertise-developments-icon \">\n                    <i class=\"fal fa-desktop\"><\/i><\/div>\n                <h5 class=\"syon-expertise-title\">SERVICES<\/h5>\n                <p class=\"syon-expertise-desc\">Syon Media propose des services de production au Canada pour les tournages, les effets visuels (VFX), l&#8217;animation et la post-production. Nous g\u00e9rons et finan\u00e7ons \u00e9galement les cr\u00e9dits d&#8217;imp\u00f4t canadiens de mani\u00e8re tr\u00e8s efficace pour les projets admissibles. Si vous \u00eates un producteur \u00e0 la recherche de services de production au Canada, n&#8217;h\u00e9sitez pas \u00e0 nous contacter.<\/p>\n            <\/div>\n                    <\/div>\n            <\/div>\n<\/div>\n\n\n\n<div class=\"syon-container w-container\">\n        <h3 class=\"syon-news-title syon-more-margin-top\">Actualit\u00e9 r\u00e9cente<\/h3>\n        <div class=\"syon-news-wrap\">\n                <div class=\"syon-news-single-block\">\n            \n            <!-- <div class=\"syon-news-meta-block\"> -->\n\t\t\t<div class=\"syon-news-main-image-wrap\">\n\t\t\t\t<a href=\"#\" class=\"w-inline-block w-lightbox syon-news-main-img\" style=\"background-image: url('https:\/\/syonmedia.ca\/wp-content\/uploads\/2024\/05\/IMG_2541.jpg')\">\n                    <script type=\"application\/json\" class=\"w-json\">\n                    {\n                      \"items\": [\n                      ],\n                      \"group\": \"slider69e62b8836999\"\n                    }\n                    <\/script>\n                <\/a>\n\t\t\t<\/div>\n                <div class=\"syon-news-desc-block \">\n                    <div class=\"syon-news-single-desc-date \">30 mai 2024                    <\/div>\n                    <h3 class=\"syon-news-single-title\">Syon Media, Art &#038; Icon Studio et Reimagine AI remportent un prix NUMIX 2024 pour le projet multim\u00e9dia &#8220;Memry&#8221;<\/h3>\n                    <p class=\"syon-single-desc-text\"><p>Syon Media, Art &amp; Icon Studio et Reimagine AI ont remport\u00e9 le prix NUMIX 2024 dans la cat\u00e9gorie WEB et Application &#8211; Exp\u00e9rience pour leur projet &#8220;Memry&#8221;. Ce prix reconna\u00eet l&#8217;approche innovante et la qualit\u00e9 exceptionnelle du projet, qui combine une s\u00e9rie t\u00e9l\u00e9vis\u00e9e anim\u00e9e avec un portail internet AI permettant aux utilisateurs d&#8217;interagir avec les personnages de la s\u00e9rie.<\/p>\n<p>&#8220;Memry&#8221; est une exp\u00e9rience multim\u00e9dia unique qui repousse les limites de la narration et de l&#8217;engagement des utilisateurs. En int\u00e9grant l&#8217;intelligence artificielle, le projet permet aux fans d&#8217;avoir des conversations en temps r\u00e9el avec leurs personnages pr\u00e9f\u00e9r\u00e9s, cr\u00e9ant ainsi une exp\u00e9rience v\u00e9ritablement immersive et interactive.<\/p>\n<p>F\u00e9licitations aux producteurs Danny Bergeron, David Usher, Carla Marques et Sonia Marques, ainsi qu&#8217;\u00e0 l&#8217;artiste Pedro Pires, dont la s\u00e9quence anim\u00e9e est devenue un \u00e9l\u00e9ment phare de &#8220;Memry&#8221;. Un merci particulier \u00e0 la SODEC pour leur soutien \u00e0 ce projet.<\/p>\n<p>Les prix NUMIX c\u00e9l\u00e8brent l&#8217;excellence dans les m\u00e9dias num\u00e9riques et interactifs, mettant en lumi\u00e8re des projets qui d\u00e9montrent cr\u00e9ativit\u00e9, innovation et un haut niveau de r\u00e9alisation technique. Remporter ce prix souligne notre engagement \u00e0 repousser les limites des exp\u00e9riences multim\u00e9dia. &#8220;Memry&#8221; repr\u00e9sente l&#8217;avenir du divertissement interactif, et nous sommes impatients de continuer \u00e0 explorer de nouvelles fa\u00e7ons d&#8217;engager et d&#8217;enchanter notre public.<\/p>\n<\/p>\n                <\/div>\n            <!-- <\/div> -->\n\n\n\n\n                    <\/div>\n        <!-- <div class=\"has-dark-color-background-color\" style=\"width:60%;height:1px;margin:30px auto 0px auto;opacity:0.2;\"><\/div> -->\n                <div class=\"syon-news-single-block\">\n            \n            <!-- <div class=\"syon-news-meta-block\"> -->\n\t\t\t<div class=\"syon-news-main-image-wrap\">\n\t\t\t\t<a href=\"#\" class=\"w-inline-block w-lightbox syon-news-main-img\" style=\"background-image: url('https:\/\/syonmedia.ca\/wp-content\/uploads\/2024\/01\/Kidscreen-Summit-2024_Syon.png')\">\n                    <script type=\"application\/json\" class=\"w-json\">\n                    {\n                      \"items\": [\n                      ],\n                      \"group\": \"slider69e62b8837e34\"\n                    }\n                    <\/script>\n                <\/a>\n\t\t\t<\/div>\n                <div class=\"syon-news-desc-block \">\n                    <div class=\"syon-news-single-desc-date \">23 janvier 2024                    <\/div>\n                    <h3 class=\"syon-news-single-title\">Venez rencontrer Syon Media au Kidscreen 2024 \u00e0 San Diego<\/h3>\n                    <p class=\"syon-single-desc-text\"><p>Le Kidscreen Summit approche \u00e0 grands pas, et nous avons h\u00e2te de voir tout le monde ! Rejoignez-nous \u00e0 San Diego du 4 au 7 f\u00e9vrier, o\u00f9 nous pr\u00e9senterons notre dernier contenu pour les enfants. N\u2019h\u00e9sitez pas \u00e0 <a id=\"ember528\" class=\"loading ember-view\" href=\"https:\/\/www.linkedin.com\/company\/syon-media\/posts\/?feedView=all#\">Johanna Veysset<\/a> contacter si vous souhaitez en savoir plus sur les points forts de Syon Media. A bient\u00f4t!<\/p>\n<\/p>\n                <\/div>\n            <!-- <\/div> -->\n\n\n\n\n                    <\/div>\n        <!-- <div class=\"has-dark-color-background-color\" style=\"width:60%;height:1px;margin:30px auto 0px auto;opacity:0.2;\"><\/div> -->\n                <div class=\"syon-news-single-block\">\n            \n            <!-- <div class=\"syon-news-meta-block\"> -->\n\t\t\t<div class=\"syon-news-main-image-wrap\">\n\t\t\t\t<a href=\"#\" class=\"w-inline-block w-lightbox syon-news-main-img\" style=\"background-image: url('https:\/\/syonmedia.ca\/wp-content\/uploads\/2023\/10\/Capture-decran-2023-10-11-a-19.04.06-e1697045593650.png')\">\n                    <script type=\"application\/json\" class=\"w-json\">\n                    {\n                      \"items\": [\n                      ],\n                      \"group\": \"slider69e62b883a2b8\"\n                    }\n                    <\/script>\n                <\/a>\n\t\t\t<\/div>\n                <div class=\"syon-news-desc-block \">\n                    <div class=\"syon-news-single-desc-date \">11 octobre 2023                    <\/div>\n                    <h3 class=\"syon-news-single-title\">Sorci\u00e8re en Herbe dans le Kidscreen Magazine<\/h3>\n                    <p class=\"syon-single-desc-text\"><p class=\"p2\">Nous sommes ravis de vous annoncer que notre s\u00e9rie TV jeunesse \u2018Sorci\u00e8re en Herbe\u2019 appara\u00eet dans la section \u2018Cool New Shows\u2019 du dernier Kidscreen magazine (page 78) ! Sorci\u00e8re en Herbe est une s\u00e9rie magique destin\u00e9e aux enfants entre 4 et 7 ans produite par All In One Production (France), Syon Media (Canada) et White Boat Pictures (Belgique). Nous serons au MIPJunior et au MIPCOM dans quelques jours pour pr\u00e9senter la s\u00e9rie \u00e0 des partenaires potentiels !<\/p>\n<div data-url=\"https:\/\/issuu.com\/brunico-issuu\/docs\/kidscreen_octobernovember23\" style=\"width: 500px; height: 325px;\" class=\"issuuembed\"><\/div>\n<p><script type=\"text\/javascript\" src=\"\/\/e.issuu.com\/embed.js\" async=\"true\"><\/script><\/p>\n<\/p>\n                <\/div>\n            <!-- <\/div> -->\n\n\n\n\n                    <\/div>\n        <!-- <div class=\"has-dark-color-background-color\" style=\"width:60%;height:1px;margin:30px auto 0px auto;opacity:0.2;\"><\/div> -->\n                <div class=\"syon-news-single-block\">\n            \n            <!-- <div class=\"syon-news-meta-block\"> -->\n\t\t\t<div class=\"syon-news-main-image-wrap\">\n\t\t\t\t<a href=\"#\" class=\"w-inline-block w-lightbox syon-news-main-img\" style=\"background-image: url('https:\/\/syonmedia.ca\/wp-content\/uploads\/2023\/09\/Capture-decran-2023-09-21-a-10.04.23.png')\">\n                    <script type=\"application\/json\" class=\"w-json\">\n                    {\n                      \"items\": [\n                      ],\n                      \"group\": \"slider69e62b883b636\"\n                    }\n                    <\/script>\n                <\/a>\n\t\t\t<\/div>\n                <div class=\"syon-news-desc-block \">\n                    <div class=\"syon-news-single-desc-date \">21 septembre 2023                    <\/div>\n                    <h3 class=\"syon-news-single-title\">Syon Media se lance dans l&#8217;adaptation t\u00e9l\u00e9vis\u00e9e du livre pour enfants &#8220;Une histoire s\u2019il te pla\u00eet!!!&#8221;<\/h3>\n                    <p class=\"syon-single-desc-text\"><p>Gr\u00e2ce au soutien de la\u00a0<a href=\"https:\/\/www.linkedin.com\/company\/sodec\/\" data-attribute-index=\"0\" data-entity-type=\"MINI_COMPANY\">SODEC &#8211; Soci\u00e9t\u00e9 de d\u00e9veloppement des entreprises culturelles<\/a>\u00a0et du\u00a0<a href=\"https:\/\/www.linkedin.com\/company\/canada-media-fund\/\" data-attribute-index=\"2\" data-entity-type=\"MINI_COMPANY\">Canada Media Fund | Fonds des m\u00e9dias du Canada<\/a>, Syon Media se lance dans un tout nouveau projet : l&#8217;adaptation du merveilleux c d\u2019Anne Renaud, illustr\u00e9 par Sophie PA (\u00c9ditions La courte \u00e9chelle) en s\u00e9rie t\u00e9l\u00e9vis\u00e9e. On a h\u00e2te de vous en dire plus!<\/p>\n<\/p>\n                <\/div>\n            <!-- <\/div> -->\n\n\n\n\n                    <\/div>\n        <!-- <div class=\"has-dark-color-background-color\" style=\"width:60%;height:1px;margin:30px auto 0px auto;opacity:0.2;\"><\/div> -->\n                <div class=\"syon-btn-wrap syon-btn-wrap-full-width\">\n            <a href=\"https:\/\/syonmedia.ca\/fr\/actualites\/\"\n                class=\"syon-button  w-button\">Voir toutes les actualit\u00e9s<\/a>\n        <\/div>\n            <\/div>\n<\/div>\n","protected":false},"excerpt":{"rendered":"","protected":false},"author":1,"featured_media":0,"parent":0,"menu_order":0,"comment_status":"closed","ping_status":"open","template":"","meta":{"footnotes":""},"yoast_head":"<!-- This site is optimized with the Yoast SEO plugin v22.9 - https:\/\/yoast.com\/wordpress\/plugins\/seo\/ -->\n<title>Accueil - Syon media<\/title>\n<meta name=\"description\" content=\"Syon Media est une soci\u00e9t\u00e9 de divertissement sp\u00e9cialis\u00e9e dans la cr\u00e9ation, le d\u00e9veloppement, la production et la distribution de contenu d\u2019animation et de live action.\" \/>\n<meta name=\"robots\" content=\"index, follow, max-snippet:-1, max-image-preview:large, max-video-preview:-1\" \/>\n<link rel=\"canonical\" href=\"https:\/\/syonmedia.ca\/fr\/\" \/>\n<meta property=\"og:locale\" content=\"fr_FR\" \/>\n<meta property=\"og:type\" content=\"article\" \/>\n<meta property=\"og:title\" content=\"Accueil - Syon media\" \/>\n<meta property=\"og:description\" content=\"Syon Media est une soci\u00e9t\u00e9 de divertissement sp\u00e9cialis\u00e9e dans la cr\u00e9ation, le d\u00e9veloppement, la production et la distribution de contenu d\u2019animation et de live action.\" \/>\n<meta property=\"og:url\" content=\"https:\/\/syonmedia.ca\/fr\/\" \/>\n<meta property=\"og:site_name\" content=\"Syon media\" \/>\n<meta property=\"article:modified_time\" content=\"2024-03-18T21:24:10+00:00\" \/>\n<meta name=\"twitter:card\" content=\"summary_large_image\" \/>\n<script type=\"application\/ld+json\" class=\"yoast-schema-graph\">{\"@context\":\"https:\/\/schema.org\",\"@graph\":[{\"@type\":\"WebPage\",\"@id\":\"https:\/\/syonmedia.ca\/fr\/\",\"url\":\"https:\/\/syonmedia.ca\/fr\/\",\"name\":\"Accueil - Syon media\",\"isPartOf\":{\"@id\":\"https:\/\/syonmedia.ca\/fr\/#website\"},\"datePublished\":\"2021-01-13T22:01:02+00:00\",\"dateModified\":\"2024-03-18T21:24:10+00:00\",\"description\":\"Syon Media est une soci\u00e9t\u00e9 de divertissement sp\u00e9cialis\u00e9e dans la cr\u00e9ation, le d\u00e9veloppement, la production et la distribution de contenu d\u2019animation et de live action.\",\"breadcrumb\":{\"@id\":\"https:\/\/syonmedia.ca\/fr\/#breadcrumb\"},\"inLanguage\":\"fr-FR\",\"potentialAction\":[{\"@type\":\"ReadAction\",\"target\":[\"https:\/\/syonmedia.ca\/fr\/\"]}]},{\"@type\":\"BreadcrumbList\",\"@id\":\"https:\/\/syonmedia.ca\/fr\/#breadcrumb\",\"itemListElement\":[{\"@type\":\"ListItem\",\"position\":1,\"name\":\"Home\",\"item\":\"https:\/\/syonmedia.ca\/fr\/\"},{\"@type\":\"ListItem\",\"position\":2,\"name\":\"Accueil\"}]},{\"@type\":\"WebSite\",\"@id\":\"https:\/\/syonmedia.ca\/fr\/#website\",\"url\":\"https:\/\/syonmedia.ca\/fr\/\",\"name\":\"Syon media\",\"description\":\"Creation, development, production and distribution of animation and live-action brands\",\"publisher\":{\"@id\":\"https:\/\/syonmedia.ca\/fr\/#organization\"},\"potentialAction\":[{\"@type\":\"SearchAction\",\"target\":{\"@type\":\"EntryPoint\",\"urlTemplate\":\"https:\/\/syonmedia.ca\/fr\/?s={search_term_string}\"},\"query-input\":\"required name=search_term_string\"}],\"inLanguage\":\"fr-FR\"},{\"@type\":\"Organization\",\"@id\":\"https:\/\/syonmedia.ca\/fr\/#organization\",\"name\":\"Syon Media\",\"url\":\"https:\/\/syonmedia.ca\/fr\/\",\"logo\":{\"@type\":\"ImageObject\",\"inLanguage\":\"fr-FR\",\"@id\":\"https:\/\/syonmedia.ca\/fr\/#\/schema\/logo\/image\/\",\"url\":\"https:\/\/syonmedia.ca\/wp-content\/uploads\/2020\/11\/syonmedia-logo-no-bg.png\",\"contentUrl\":\"https:\/\/syonmedia.ca\/wp-content\/uploads\/2020\/11\/syonmedia-logo-no-bg.png\",\"width\":524,\"height\":214,\"caption\":\"Syon Media\"},\"image\":{\"@id\":\"https:\/\/syonmedia.ca\/fr\/#\/schema\/logo\/image\/\"}}]}<\/script>\n<!-- \/ Yoast SEO plugin. -->","yoast_head_json":{"title":"Accueil - Syon media","description":"Syon Media est une soci\u00e9t\u00e9 de divertissement sp\u00e9cialis\u00e9e dans la cr\u00e9ation, le d\u00e9veloppement, la production et la distribution de contenu d\u2019animation et de live action.","robots":{"index":"index","follow":"follow","max-snippet":"max-snippet:-1","max-image-preview":"max-image-preview:large","max-video-preview":"max-video-preview:-1"},"canonical":"https:\/\/syonmedia.ca\/fr\/","og_locale":"fr_FR","og_type":"article","og_title":"Accueil - Syon media","og_description":"Syon Media est une soci\u00e9t\u00e9 de divertissement sp\u00e9cialis\u00e9e dans la cr\u00e9ation, le d\u00e9veloppement, la production et la distribution de contenu d\u2019animation et de live action.","og_url":"https:\/\/syonmedia.ca\/fr\/","og_site_name":"Syon media","article_modified_time":"2024-03-18T21:24:10+00:00","twitter_card":"summary_large_image","schema":{"@context":"https:\/\/schema.org","@graph":[{"@type":"WebPage","@id":"https:\/\/syonmedia.ca\/fr\/","url":"https:\/\/syonmedia.ca\/fr\/","name":"Accueil - Syon media","isPartOf":{"@id":"https:\/\/syonmedia.ca\/fr\/#website"},"datePublished":"2021-01-13T22:01:02+00:00","dateModified":"2024-03-18T21:24:10+00:00","description":"Syon Media est une soci\u00e9t\u00e9 de divertissement sp\u00e9cialis\u00e9e dans la cr\u00e9ation, le d\u00e9veloppement, la production et la distribution de contenu d\u2019animation et de live action.","breadcrumb":{"@id":"https:\/\/syonmedia.ca\/fr\/#breadcrumb"},"inLanguage":"fr-FR","potentialAction":[{"@type":"ReadAction","target":["https:\/\/syonmedia.ca\/fr\/"]}]},{"@type":"BreadcrumbList","@id":"https:\/\/syonmedia.ca\/fr\/#breadcrumb","itemListElement":[{"@type":"ListItem","position":1,"name":"Home","item":"https:\/\/syonmedia.ca\/fr\/"},{"@type":"ListItem","position":2,"name":"Accueil"}]},{"@type":"WebSite","@id":"https:\/\/syonmedia.ca\/fr\/#website","url":"https:\/\/syonmedia.ca\/fr\/","name":"Syon media","description":"Creation, development, production and distribution of animation and live-action brands","publisher":{"@id":"https:\/\/syonmedia.ca\/fr\/#organization"},"potentialAction":[{"@type":"SearchAction","target":{"@type":"EntryPoint","urlTemplate":"https:\/\/syonmedia.ca\/fr\/?s={search_term_string}"},"query-input":"required name=search_term_string"}],"inLanguage":"fr-FR"},{"@type":"Organization","@id":"https:\/\/syonmedia.ca\/fr\/#organization","name":"Syon Media","url":"https:\/\/syonmedia.ca\/fr\/","logo":{"@type":"ImageObject","inLanguage":"fr-FR","@id":"https:\/\/syonmedia.ca\/fr\/#\/schema\/logo\/image\/","url":"https:\/\/syonmedia.ca\/wp-content\/uploads\/2020\/11\/syonmedia-logo-no-bg.png","contentUrl":"https:\/\/syonmedia.ca\/wp-content\/uploads\/2020\/11\/syonmedia-logo-no-bg.png","width":524,"height":214,"caption":"Syon Media"},"image":{"@id":"https:\/\/syonmedia.ca\/fr\/#\/schema\/logo\/image\/"}}]}},"_links":{"self":[{"href":"https:\/\/syonmedia.ca\/fr\/wp-json\/wp\/v2\/pages\/791"}],"collection":[{"href":"https:\/\/syonmedia.ca\/fr\/wp-json\/wp\/v2\/pages"}],"about":[{"href":"https:\/\/syonmedia.ca\/fr\/wp-json\/wp\/v2\/types\/page"}],"author":[{"embeddable":true,"href":"https:\/\/syonmedia.ca\/fr\/wp-json\/wp\/v2\/users\/1"}],"replies":[{"embeddable":true,"href":"https:\/\/syonmedia.ca\/fr\/wp-json\/wp\/v2\/comments?post=791"}],"version-history":[{"count":35,"href":"https:\/\/syonmedia.ca\/fr\/wp-json\/wp\/v2\/pages\/791\/revisions"}],"predecessor-version":[{"id":4694,"href":"https:\/\/syonmedia.ca\/fr\/wp-json\/wp\/v2\/pages\/791\/revisions\/4694"}],"wp:attachment":[{"href":"https:\/\/syonmedia.ca\/fr\/wp-json\/wp\/v2\/media?parent=791"}],"curies":[{"name":"wp","href":"https:\/\/api.w.org\/{rel}","templated":true}]}}